{"id":12256,"date":"2024-03-26T10:55:54","date_gmt":"2024-03-26T09:55:54","guid":{"rendered":"https:\/\/gepcoformacion.es\/terminos-y-condiciones\/"},"modified":"2026-02-26T13:14:15","modified_gmt":"2026-02-26T12:14:15","slug":"termes-i-condicions","status":"publish","type":"page","link":"https:\/\/gepcoformacion.es\/ca\/termes-i-condicions\/","title":{"rendered":"Termes i condicions"},"content":{"rendered":"<p>En cumplimiento con el deber de informaci\u00f3n recogido en art\u00edculo 10 de la Ley 34\/2002, de 11 de Julio, de Servicios de la Sociedad de la Informaci\u00f3n y del Comercio Electr\u00f3nico, le informamos que el Sitio Web (en adelante, la \u201cWeb\u201d) es titularidad de GEP&amp;RISK 112 S.L, con domicilio social en Calle Moratin 100\u2013 08206 &#8212; Sabadell (Barcelona), con NIF: B-65682205.<\/p>\n<p><strong><u>Condiciones de uso<\/u><\/strong><\/p>\n<p>Las presentes Condiciones describen los t\u00e9rminos aplicables a los servicios y contenidos ofrecidos a trav\u00e9s del sitio web GEP&amp;RISK 112 S.L y regulan las relaciones jur\u00eddicas entre GEP&amp;RISK 112 S.L y el cliente.<\/p>\n<p>El acceso a la web es de car\u00e1cter libre y gratuito, la utilizaci\u00f3n de la Web supone la aceptaci\u00f3n sin reservas de la totalidad de las Condiciones de Uso. Si no estuvieras de acuerdo con estas condiciones debes abstenerte de utilizar esta p\u00e1gina.<\/p>\n<p>La visita al sitio eCommerce por parte del usuario deber\u00e1 hacerse de forma responsable y de conformidad a la legalidad vigente, la buena fe, las presentes Condiciones y respetando los derechos de propiedad intelectual e industrial de titularidad de GEP&amp;RISK 112 S.L o cualquier otras personas f\u00edsicas o jur\u00eddicas.<\/p>\n<p>El uso de cualquiera de los contenidos del sitio Web con finalidades que sean o pudieran ser il\u00edcitas queda totalmente prohibido, as\u00ed como la realizaci\u00f3n de cualquier acci\u00f3n que cause o pueda causar da\u00f1os o alteraciones de cualquier tipo no consentidas por GEP&amp;RISK 112 S.L, al sitio eCommerce o a sus contenidos.<\/p>\n<p>El sitio Web y los productos y servicios ofrecidos por GEP&amp;RISK 112 S.L est\u00e1 dirigido a mayores de edad con la capacidad jur\u00eddica suficiente para poder quedar vinculado por las presentes Condiciones de Uso. Es posible que la utilizaci\u00f3n de ciertos servicios o la contrataci\u00f3n de algunos bienes o servicios est\u00e9 sujeto a condiciones especiales complementarias que requerir\u00e1n el consentimiento expreso y que prevalecer\u00e1n en todo caso sobre las presentes condiciones generales.<\/p>\n<p><strong><u>Registro de los usuarios<\/u><\/strong><\/p>\n<p>La utilizaci\u00f3n de los servicios prestados por GEP&amp;RISK 112 S.L y la compra en la Web requiere el registro como usuario en la Web. Con la finalidad de completar el registro se deber\u00e1n aportar una serie de datos personales que deber\u00e1n ser veraces y exactos. Para obtener m\u00e1s informaci\u00f3n consulte nuestra <strong><u>pol\u00edtica de privacidad<\/u><\/strong>.<\/p>\n<p>Asimismo, debes tener en cuenta que en todo momento puedes modificar tus datos personales, as\u00ed como ejercer los derechos de acceso, rectificaci\u00f3n, supresi\u00f3n, limitaci\u00f3n y de oposici\u00f3n de conformidad con la LO 3\/2018, de 5 de diciembre, de Protecci\u00f3n de Datos y de Garant\u00eda de los Derechos Digitales (LOPDGDD) y con el Reglamento (UE) 2016\/679, del Parlamento Europeo y del Consejo, de 27 de abril de 2016, relativo a la protecci\u00f3n de las personas f\u00edsicas en lo que respecta al tratamiento de datos personales y a la libre circulaci\u00f3n de estos datos (RGPD).<\/p>\n<p><strong><u>Pedidos<\/u><\/strong><\/p>\n<p>Una vez realizado un pedido, te llegar\u00e1 un mensaje confirmando la recepci\u00f3n del mismo as\u00ed como con informaci\u00f3n sobre el env\u00edo y la facturaci\u00f3n del pedido realizado.<\/p>\n<p><strong><u>Forma de pago<\/u><\/strong><\/p>\n<p>La adquisici\u00f3n de servicios o productos a trav\u00e9s de GEP&amp;RISK 112 S.L permite las siguientes formas de pago:<\/p>\n<p>Pago mediante tarjeta de d\u00e9bito o cr\u00e9dito a trav\u00e9s de un TPV virtual.<\/p>\n<ul>\n<li>pago mediante tarjeta de cr\u00e9dito\/d\u00e9bito<\/li>\n<\/ul>\n<p><strong><u>Precios<\/u><\/strong><\/p>\n<p>Los precios de los productos son los indicados en la descripci\u00f3n que se les adjunta. Todos los precios indicados en la descripci\u00f3n de producto se expresan en la moneda Euro (\u20ac) e incluyen el Impuesto sobre el Valor A\u00f1adido (I.V.A.).<\/p>\n<p><strong><u>Condiciones de env\u00edo<\/u><\/strong><\/p>\n<p>GEP&amp;RISK 112 S.L \u00fanicamente env\u00eda sus productos a: Espa\u00f1a.<\/p>\n<p>La compra est\u00e1 sujeta al pago de gastos de env\u00edo, a cuenta del comprador. Los gastos de env\u00edo depender\u00e1n del destino y del importe total del pedido, los gastos se detallar\u00e1n a lo largo del proceso de compra y podr\u00e1s revisar a cuanto ascienden los gastos de env\u00edo antes de finalizar la compra.<\/p>\n<p>GEP&amp;RISK 112 S.L no se har\u00e1 responsable de la demora en la entrega de los pedidos por causas no imputables a la misma, as\u00ed como por casos fortuitos o de fuerza mayor.<\/p>\n<p>La entrega se realizar\u00e1 a trav\u00e9s de diferentes empresas de transporte urgente de reconocido prestigio nacional e internacional. La fecha de entrega en el domicilio del Cliente depende de la disponibilidad del producto escogido y de la zona de env\u00edo. Antes de confirmar su pedido se le informar\u00e1 sobre los plazos de transporte. No obstante, ambos podr\u00e1n variar en funci\u00f3n de las circunstancias concretas de cada pedido. En especial, los plazos de transporte se pueden ver alterados por incidencias extraordinarias en el transportista y por dificultades en la entrega de la mercanc\u00eda.<\/p>\n<p>Si el cliente no recibiera el pedido en el plazo indicado puede ponerse en contacto con la empresa a trav\u00e9s del tel\u00e9fono 935 64 63 46.<\/p>\n<p><strong><u>Garant\u00eda de bienes de consumo<\/u><\/strong><\/p>\n<p>Como cliente, tienes la consideraci\u00f3n de consumidor de conformidad con el Real Decreto Legislativo 1\/2007, de 16 de noviembre, por el que se aprueba el texto refundido de la Ley General para la Defensa de los Consumidores y Usuarios y otras leyes complementarias (en adelante, &#8220;TRLGDCU&#8221;).<\/p>\n<p>En consecuencia, cuentas con el derecho de desistimiento que consiste en que puedas dejar sin efecto el contrato celebrado sin necesidad de justificar tu decisi\u00f3n durante los catorce (14) d\u00edas naturales desde que se reciba el bien adquirido o desde la celebraci\u00f3n del contrato si se trata de una prestaci\u00f3n de servicios.<\/p>\n<p>Deber\u00e1s manifestar tu intenci\u00f3n de desistir en el plazo indicado y proceder a la devoluci\u00f3n del producto, reembols\u00e1ndote el precio abonado.<\/p>\n<p>En caso de tener problemas con productos o servicios adquiridos en esta Web puedes presentar una reclamaci\u00f3n mediante la plataforma de resoluci\u00f3n de litigios de la Uni\u00f3n Europea aqu\u00ed. GEP&amp;RISK 112 S.L se reserva la potestad de negarse a aceptar la reclamaci\u00f3n presentada a trav\u00e9s de la plataforma.<\/p>\n<p><strong><u>Nulidad e ineficacia de las cl\u00e1usulas<\/u><\/strong><\/p>\n<p>Si cualquier cl\u00e1usula incluida en las presentes Condiciones fuese declarada total o parcialmente, nula o ineficaz, tal nulidad o ineficacia tan s\u00f3lo afectar\u00e1 a dicha disposici\u00f3n, subsistiendo las presentes Condiciones Generales en todo lo dem\u00e1s, teni\u00e9ndose tal disposici\u00f3n por no incluida.<\/p>\n<p><strong><u>Legislaci\u00f3n aplicable y jurisdicci\u00f3n competente<\/u><\/strong><\/p>\n<p>Las presentes condiciones se rigen de conformidad con la legislaci\u00f3n espa\u00f1ola. GEP&amp;RISK 112 S.L y el usuario acuerdan someter las controversias que pudieran surgir en relaci\u00f3n a la contrataci\u00f3n de productos o servicios objeto de estas Condiciones Generales, a los Juzgados y Tribunales del domicilio del Usuario.<\/p>\n","protected":false},"excerpt":{"rendered":"<p>En cumplimiento con el deber de informaci\u00f3n recogido en art\u00edculo 10 de la Ley 34\/2002, de 11 de Julio, de Servicios de la  [&#8230;]<\/p>\n","protected":false},"author":11,"featured_media":0,"parent":0,"menu_order":0,"comment_status":"closed","ping_status":"closed","template":"100-width.php","meta":{"_acf_changed":false,"footnotes":""},"class_list":["post-12256","page","type-page","status-publish","hentry"],"acf":[],"_links":{"self":[{"href":"https:\/\/gepcoformacion.es\/ca\/wp-json\/wp\/v2\/pages\/12256","targetHints":{"allow":["GET"]}}],"collection":[{"href":"https:\/\/gepcoformacion.es\/ca\/wp-json\/wp\/v2\/pages"}],"about":[{"href":"https:\/\/gepcoformacion.es\/ca\/wp-json\/wp\/v2\/types\/page"}],"author":[{"embeddable":true,"href":"https:\/\/gepcoformacion.es\/ca\/wp-json\/wp\/v2\/users\/11"}],"replies":[{"embeddable":true,"href":"https:\/\/gepcoformacion.es\/ca\/wp-json\/wp\/v2\/comments?post=12256"}],"version-history":[{"count":2,"href":"https:\/\/gepcoformacion.es\/ca\/wp-json\/wp\/v2\/pages\/12256\/revisions"}],"predecessor-version":[{"id":12258,"href":"https:\/\/gepcoformacion.es\/ca\/wp-json\/wp\/v2\/pages\/12256\/revisions\/12258"}],"wp:attachment":[{"href":"https:\/\/gepcoformacion.es\/ca\/wp-json\/wp\/v2\/media?parent=12256"}],"curies":[{"name":"wp","href":"https:\/\/api.w.org\/{rel}","templated":true}]}}